{"id":14,"date":"2019-01-05T13:11:00","date_gmt":"2019-01-05T12:11:00","guid":{"rendered":"http:\/\/auteur-ecrivain.marhic.fr\/?page_id=14"},"modified":"2019-01-22T10:29:50","modified_gmt":"2019-01-22T09:29:50","slug":"direction-douvrages","status":"publish","type":"page","link":"https:\/\/auteur-ecrivain.marhic.fr\/index.php\/direction-douvrages\/","title":{"rendered":"Direction d&rsquo;ouvrages"},"content":{"rendered":"<div style=\"width: 640px;\" class=\"wp-video\"><video class=\"wp-video-shortcode\" id=\"video-14-1\" width=\"640\" height=\"360\" preload=\"metadata\" controls=\"controls\"><source type=\"video\/mp4\" src=\"http:\/\/auteur-ecrivain.marhic.fr\/wp-content\/uploads\/2019\/01\/diaporama_direction_ouvrages.mp4?_=1\" \/><a href=\"http:\/\/auteur-ecrivain.marhic.fr\/wp-content\/uploads\/2019\/01\/diaporama_direction_ouvrages.mp4\">http:\/\/auteur-ecrivain.marhic.fr\/wp-content\/uploads\/2019\/01\/diaporama_direction_ouvrages.mp4<\/a><\/video><\/div>\n<blockquote><p>&nbsp;<\/p>\n<p><em>\u201cPersonne ne peut aimer une femme et \u00e9crire un roman simultan\u00e9ment. Je veux dire : \u00c9crire un \u00ab\u00a0vrai\u00a0\u00bb roman, aimer \u00ab\u00a0vraiment\u00a0\u00bb une femme.\u201d<\/em><\/p>\n<p>Zone \u00e9rog\u00e8ne<em>, Philippe Djian, \u00c9ditions Bernard Barrault, 1984<\/em><\/p><\/blockquote>\n<p style=\"text-align: justify;\">C\u2019est parfois un peu plus compliqu\u00e9 que \u00e7a\u2026 \u00c9crivain, je suis aussi \u00e9diteur. Non pas que je poss\u00e8de une maison d\u2019\u00e9dition. Ni que je sois salari\u00e9 d\u2019une telle entreprise. Plut\u00f4t, je suis en position de faire publier des textes. Des textes que j\u2019ai\u2026 rencontr\u00e9s. Ou que je suis all\u00e9 chercher.<\/p>\n<p style=\"text-align: justify;\">L\u00e0 commencent les ennuis \u2013 les femmes n\u2019y sont pour rien. Que l\u2019on se figure mes personnages quand je me consacre tout entier \u00e0 ceux des autres\u00a0! Que pensent Denys, Laetitia ou Cigismond, quand ils me savent au c\u00f4t\u00e9 de Malou, M. le s\u00e9nateur ou Pistache\u00a0?<\/p>\n","protected":false},"excerpt":{"rendered":"<p>&nbsp; \u201cPersonne ne peut aimer une femme et \u00e9crire un roman simultan\u00e9ment. Je veux dire : \u00c9crire un \u00ab\u00a0vrai\u00a0\u00bb roman, aimer \u00ab\u00a0vraiment\u00a0\u00bb une femme.\u201d Zone \u00e9rog\u00e8ne, Philippe Djian, \u00c9ditions Bernard Barrault, 1984 C\u2019est parfois un peu plus compliqu\u00e9 que \u00e7a\u2026 &hellip; <a href=\"https:\/\/auteur-ecrivain.marhic.fr\/index.php\/direction-douvrages\/\">Continuer la lecture <span class=\"meta-nav\">&rarr;<\/span><\/a><\/p>\n","protected":false},"author":1,"featured_media":0,"parent":0,"menu_order":0,"comment_status":"closed","ping_status":"closed","template":"","meta":{"footnotes":""},"class_list":["post-14","page","type-page","status-publish","hentry"],"_links":{"self":[{"href":"https:\/\/auteur-ecrivain.marhic.fr\/index.php\/wp-json\/wp\/v2\/pages\/14","targetHints":{"allow":["GET"]}}],"collection":[{"href":"https:\/\/auteur-ecrivain.marhic.fr\/index.php\/wp-json\/wp\/v2\/pages"}],"about":[{"href":"https:\/\/auteur-ecrivain.marhic.fr\/index.php\/wp-json\/wp\/v2\/types\/page"}],"author":[{"embeddable":true,"href":"https:\/\/auteur-ecrivain.marhic.fr\/index.php\/wp-json\/wp\/v2\/users\/1"}],"replies":[{"embeddable":true,"href":"https:\/\/auteur-ecrivain.marhic.fr\/index.php\/wp-json\/wp\/v2\/comments?post=14"}],"version-history":[{"count":5,"href":"https:\/\/auteur-ecrivain.marhic.fr\/index.php\/wp-json\/wp\/v2\/pages\/14\/revisions"}],"predecessor-version":[{"id":594,"href":"https:\/\/auteur-ecrivain.marhic.fr\/index.php\/wp-json\/wp\/v2\/pages\/14\/revisions\/594"}],"wp:attachment":[{"href":"https:\/\/auteur-ecrivain.marhic.fr\/index.php\/wp-json\/wp\/v2\/media?parent=14"}],"curies":[{"name":"wp","href":"https:\/\/api.w.org\/{rel}","templated":true}]}}