{"id":16,"date":"2019-01-05T13:11:21","date_gmt":"2019-01-05T12:11:21","guid":{"rendered":"http:\/\/auteur-ecrivain.marhic.fr\/?page_id=16"},"modified":"2019-01-21T14:40:29","modified_gmt":"2019-01-21T13:40:29","slug":"salons","status":"publish","type":"page","link":"https:\/\/auteur-ecrivain.marhic.fr\/index.php\/salons\/","title":{"rendered":"Salons"},"content":{"rendered":"<p style=\"text-align: center;\"><a href=\"http:\/\/www.les-lutins-urbains.editionsptitlouis.fr\/category\/salons_du_livre_et-dedicaces\/\" target=\"_blank\" rel=\"noopener\"><img loading=\"lazy\" decoding=\"async\" class=\"size-medium wp-image-50 aligncenter\" src=\"http:\/\/auteur-ecrivain.marhic.fr\/wp-content\/uploads\/2019\/01\/marhic.fr_-1-265x300.jpg\" alt=\"marhic.fr\" width=\"265\" height=\"300\" \/><\/a>Cliquez l&rsquo;image pour consulter les dates de salons du livre et d\u00e9dicaces de Renaud Marhic, auteur-\u00e9crivain, sur le site de la s\u00e9rie Les Lutins Urbains.<\/p>\n","protected":false},"excerpt":{"rendered":"<p>Cliquez l&rsquo;image pour consulter les dates de salons du livre et d\u00e9dicaces de Renaud Marhic, auteur-\u00e9crivain, sur le site de la s\u00e9rie Les Lutins Urbains.<\/p>\n","protected":false},"author":1,"featured_media":0,"parent":0,"menu_order":0,"comment_status":"closed","ping_status":"closed","template":"","meta":{"footnotes":""},"class_list":["post-16","page","type-page","status-publish","hentry"],"_links":{"self":[{"href":"https:\/\/auteur-ecrivain.marhic.fr\/index.php\/wp-json\/wp\/v2\/pages\/16","targetHints":{"allow":["GET"]}}],"collection":[{"href":"https:\/\/auteur-ecrivain.marhic.fr\/index.php\/wp-json\/wp\/v2\/pages"}],"about":[{"href":"https:\/\/auteur-ecrivain.marhic.fr\/index.php\/wp-json\/wp\/v2\/types\/page"}],"author":[{"embeddable":true,"href":"https:\/\/auteur-ecrivain.marhic.fr\/index.php\/wp-json\/wp\/v2\/users\/1"}],"replies":[{"embeddable":true,"href":"https:\/\/auteur-ecrivain.marhic.fr\/index.php\/wp-json\/wp\/v2\/comments?post=16"}],"version-history":[{"count":3,"href":"https:\/\/auteur-ecrivain.marhic.fr\/index.php\/wp-json\/wp\/v2\/pages\/16\/revisions"}],"predecessor-version":[{"id":61,"href":"https:\/\/auteur-ecrivain.marhic.fr\/index.php\/wp-json\/wp\/v2\/pages\/16\/revisions\/61"}],"wp:attachment":[{"href":"https:\/\/auteur-ecrivain.marhic.fr\/index.php\/wp-json\/wp\/v2\/media?parent=16"}],"curies":[{"name":"wp","href":"https:\/\/api.w.org\/{rel}","templated":true}]}}