{"id":21,"date":"2019-01-05T13:12:21","date_gmt":"2019-01-05T12:12:21","guid":{"rendered":"http:\/\/auteur-ecrivain.marhic.fr\/?page_id=21"},"modified":"2023-12-30T14:23:21","modified_gmt":"2023-12-30T13:23:21","slug":"poesie","status":"publish","type":"page","link":"https:\/\/auteur-ecrivain.marhic.fr\/index.php\/poesie\/","title":{"rendered":"Po\u00e9sie"},"content":{"rendered":"<p><img loading=\"lazy\" decoding=\"async\" class=\"size-medium wp-image-644 aligncenter\" src=\"http:\/\/auteur-ecrivain.marhic.fr\/wp-content\/uploads\/2019\/01\/buck_you-195x300.jpg\" alt=\"Buk You\" width=\"195\" height=\"300\" srcset=\"https:\/\/auteur-ecrivain.marhic.fr\/wp-content\/uploads\/2019\/01\/buck_you-195x300.jpg 195w, https:\/\/auteur-ecrivain.marhic.fr\/wp-content\/uploads\/2019\/01\/buck_you-768x1181.jpg 768w, https:\/\/auteur-ecrivain.marhic.fr\/wp-content\/uploads\/2019\/01\/buck_you-666x1024.jpg 666w, https:\/\/auteur-ecrivain.marhic.fr\/wp-content\/uploads\/2019\/01\/buck_you.jpg 1585w\" sizes=\"auto, (max-width: 195px) 100vw, 195px\" \/><\/p>\n<p style=\"text-align: center;\"><a href=\"http:\/\/auteur-ecrivain.marhic.fr\/wp-content\/uploads\/2019\/01\/les_humoristes_extrait.pdf\" target=\"_blank\" rel=\"noopener\"><strong>Les Humoristes<\/strong><\/a><\/p>\n<p style=\"text-align: center;\"><a href=\"http:\/\/www.marhic.fr\/\" target=\"_blank\" rel=\"noopener\"><img loading=\"lazy\" decoding=\"async\" class=\"wp-image-50 alignleft\" src=\"http:\/\/auteur-ecrivain.marhic.fr\/wp-content\/uploads\/2019\/01\/marhic.fr_-1-265x300.jpg\" alt=\"Renaud Marhic, auteur-\u00e9crivain\" width=\"60\" height=\"68\" \/><\/a><a href=\"http:\/\/auteur-ecrivain.marhic.fr\/wp-content\/uploads\/2019\/01\/ton_monde_est_le_mien-1.jpg\"><img loading=\"lazy\" decoding=\"async\" class=\"aligncenter wp-image-542 size-medium\" src=\"http:\/\/auteur-ecrivain.marhic.fr\/wp-content\/uploads\/2019\/01\/ton_monde_est_le_mien-1-201x300.jpg\" alt=\"Ton monde est le mien\" width=\"201\" height=\"300\" srcset=\"https:\/\/auteur-ecrivain.marhic.fr\/wp-content\/uploads\/2019\/01\/ton_monde_est_le_mien-1-201x300.jpg 201w, https:\/\/auteur-ecrivain.marhic.fr\/wp-content\/uploads\/2019\/01\/ton_monde_est_le_mien-1-768x1147.jpg 768w, https:\/\/auteur-ecrivain.marhic.fr\/wp-content\/uploads\/2019\/01\/ton_monde_est_le_mien-1-685x1024.jpg 685w, https:\/\/auteur-ecrivain.marhic.fr\/wp-content\/uploads\/2019\/01\/ton_monde_est_le_mien-1.jpg 810w\" sizes=\"auto, (max-width: 201px) 100vw, 201px\" \/><\/a><strong><a href=\"http:\/\/auteur-ecrivain.marhic.fr\/wp-content\/uploads\/2019\/01\/pleureuses_a_dynamite_extrait.pdf\" target=\"_blank\" rel=\"noopener\">Pleureuses \u00e0 dynamite <\/a><\/strong><\/p>\n<p><a href=\"http:\/\/www.marhic.fr\/\" target=\"_blank\" rel=\"noopener\"><img loading=\"lazy\" decoding=\"async\" class=\"alignnone wp-image-50\" src=\"http:\/\/auteur-ecrivain.marhic.fr\/wp-content\/uploads\/2019\/01\/marhic.fr_-1-265x300.jpg\" alt=\"Renaud Marhic, auteur-\u00e9crivain\" width=\"60\" height=\"68\" \/><\/a><\/p>\n<p style=\"text-align: center;\"><a href=\"http:\/\/auteur-ecrivain.marhic.fr\/wp-content\/uploads\/2019\/01\/verso_139.jpg\"><img loading=\"lazy\" decoding=\"async\" class=\"aligncenter wp-image-565 size-medium\" src=\"http:\/\/auteur-ecrivain.marhic.fr\/wp-content\/uploads\/2019\/01\/verso_139-198x300.jpg\" alt=\"Verso 139\" width=\"198\" height=\"300\" srcset=\"https:\/\/auteur-ecrivain.marhic.fr\/wp-content\/uploads\/2019\/01\/verso_139-198x300.jpg 198w, https:\/\/auteur-ecrivain.marhic.fr\/wp-content\/uploads\/2019\/01\/verso_139-768x1165.jpg 768w, https:\/\/auteur-ecrivain.marhic.fr\/wp-content\/uploads\/2019\/01\/verso_139-675x1024.jpg 675w, https:\/\/auteur-ecrivain.marhic.fr\/wp-content\/uploads\/2019\/01\/verso_139.jpg 836w\" sizes=\"auto, (max-width: 198px) 100vw, 198px\" \/><\/a><a href=\"http:\/\/auteur-ecrivain.marhic.fr\/wp-content\/uploads\/2019\/01\/lidl-class_heroes_extrait.pdf\" target=\"_blank\" rel=\"noopener\"><strong>Lidl class heroes<\/strong><\/a><\/p>\n<p><a href=\"http:\/\/www.marhic.fr\/\" target=\"_blank\" rel=\"noopener\"><img loading=\"lazy\" decoding=\"async\" class=\"alignnone wp-image-50\" src=\"http:\/\/auteur-ecrivain.marhic.fr\/wp-content\/uploads\/2019\/01\/marhic.fr_-1-265x300.jpg\" alt=\"Renaud Marhic, auteur-\u00e9crivain\" width=\"60\" height=\"68\" \/><\/a><\/p>\n<p style=\"text-align: center;\"><a href=\"http:\/\/auteur-ecrivain.marhic.fr\/wp-content\/uploads\/2019\/01\/nouveaux_delits_32.jpg\"><img loading=\"lazy\" decoding=\"async\" class=\"aligncenter wp-image-548 size-medium\" src=\"http:\/\/auteur-ecrivain.marhic.fr\/wp-content\/uploads\/2019\/01\/nouveaux_delits_32-203x300.jpg\" alt=\"Nouveaux D\u00e9lits 32\" width=\"203\" height=\"300\" srcset=\"https:\/\/auteur-ecrivain.marhic.fr\/wp-content\/uploads\/2019\/01\/nouveaux_delits_32-203x300.jpg 203w, https:\/\/auteur-ecrivain.marhic.fr\/wp-content\/uploads\/2019\/01\/nouveaux_delits_32-768x1136.jpg 768w, https:\/\/auteur-ecrivain.marhic.fr\/wp-content\/uploads\/2019\/01\/nouveaux_delits_32-693x1024.jpg 693w, https:\/\/auteur-ecrivain.marhic.fr\/wp-content\/uploads\/2019\/01\/nouveaux_delits_32.jpg 844w\" sizes=\"auto, (max-width: 203px) 100vw, 203px\" \/><\/a><a href=\"http:\/\/auteur-ecrivain.marhic.fr\/wp-content\/uploads\/2019\/01\/soiree_etape-extrait.pdf\" target=\"_blank\" rel=\"noopener\"><strong>Soir\u00e9e \u00e9tape<\/strong><\/a><\/p>\n<p><a href=\"http:\/\/www.marhic.fr\/\" target=\"_blank\" rel=\"noopener\"><img loading=\"lazy\" decoding=\"async\" class=\"alignnone wp-image-50\" src=\"http:\/\/auteur-ecrivain.marhic.fr\/wp-content\/uploads\/2019\/01\/marhic.fr_-1-265x300.jpg\" alt=\"Renaud Marhic, auteur-\u00e9crivain\" width=\"60\" height=\"68\" \/><\/a><\/p>\n<p style=\"text-align: center;\"><img loading=\"lazy\" decoding=\"async\" class=\"aligncenter wp-image-551 size-medium\" src=\"http:\/\/auteur-ecrivain.marhic.fr\/wp-content\/uploads\/2019\/01\/indic_3-220x300.jpg\" alt=\"L'Indic 3\" width=\"220\" height=\"300\" srcset=\"https:\/\/auteur-ecrivain.marhic.fr\/wp-content\/uploads\/2019\/01\/indic_3-220x300.jpg 220w, https:\/\/auteur-ecrivain.marhic.fr\/wp-content\/uploads\/2019\/01\/indic_3-768x1046.jpg 768w, https:\/\/auteur-ecrivain.marhic.fr\/wp-content\/uploads\/2019\/01\/indic_3-752x1024.jpg 752w, https:\/\/auteur-ecrivain.marhic.fr\/wp-content\/uploads\/2019\/01\/indic_3.jpg 1044w\" sizes=\"auto, (max-width: 220px) 100vw, 220px\" \/><a href=\"http:\/\/auteur-ecrivain.marhic.fr\/wp-content\/uploads\/2019\/01\/democrates_ambidextres_extrait.pdf\" target=\"_blank\" rel=\"noopener\"><strong>D\u00e9mocrates ambidextres<\/strong><\/a><\/p>\n<p style=\"text-align: center;\"><a href=\"http:\/\/www.marhic.fr\/\" target=\"_blank\" rel=\"noopener\"><img loading=\"lazy\" decoding=\"async\" class=\"wp-image-50 alignleft\" src=\"http:\/\/auteur-ecrivain.marhic.fr\/wp-content\/uploads\/2019\/01\/marhic.fr_-1-265x300.jpg\" alt=\"Renaud Marhic, auteur-\u00e9crivain\" width=\"60\" height=\"68\" \/><\/a><a href=\"http:\/\/auteur-ecrivain.marhic.fr\/wp-content\/uploads\/2019\/01\/traction_brabant_30_31.jpg\"><img loading=\"lazy\" decoding=\"async\" class=\"aligncenter wp-image-554 size-medium\" src=\"http:\/\/auteur-ecrivain.marhic.fr\/wp-content\/uploads\/2019\/01\/traction_brabant_30_31-210x300.jpg\" alt=\"Traction-Brabant 30-31\" width=\"210\" height=\"300\" srcset=\"https:\/\/auteur-ecrivain.marhic.fr\/wp-content\/uploads\/2019\/01\/traction_brabant_30_31-210x300.jpg 210w, https:\/\/auteur-ecrivain.marhic.fr\/wp-content\/uploads\/2019\/01\/traction_brabant_30_31-768x1099.jpg 768w, https:\/\/auteur-ecrivain.marhic.fr\/wp-content\/uploads\/2019\/01\/traction_brabant_30_31-716x1024.jpg 716w, https:\/\/auteur-ecrivain.marhic.fr\/wp-content\/uploads\/2019\/01\/traction_brabant_30_31.jpg 864w\" sizes=\"auto, (max-width: 210px) 100vw, 210px\" \/><\/a><a href=\"http:\/\/auteur-ecrivain.marhic.fr\/wp-content\/uploads\/2019\/01\/pater_mi_temps_extrait.pdf\" target=\"_blank\" rel=\"noopener\"><strong>Pater mi-temps<\/strong><\/a><\/p>\n<p><a href=\"http:\/\/www.marhic.fr\/\" target=\"_blank\" rel=\"noopener\"><img loading=\"lazy\" decoding=\"async\" class=\"alignnone wp-image-50\" src=\"http:\/\/auteur-ecrivain.marhic.fr\/wp-content\/uploads\/2019\/01\/marhic.fr_-1-265x300.jpg\" alt=\"Renaud Marhic, auteur-\u00e9crivain\" width=\"60\" height=\"68\" \/><\/a><\/p>\n<p style=\"text-align: center;\"><a href=\"http:\/\/auteur-ecrivain.marhic.fr\/wp-content\/uploads\/2019\/01\/microbe_27.jpg\"><img loading=\"lazy\" decoding=\"async\" class=\"aligncenter wp-image-557 size-medium\" src=\"http:\/\/auteur-ecrivain.marhic.fr\/wp-content\/uploads\/2019\/01\/microbe_27-205x300.jpg\" alt=\"Microbe 27\" width=\"205\" height=\"300\" srcset=\"https:\/\/auteur-ecrivain.marhic.fr\/wp-content\/uploads\/2019\/01\/microbe_27-205x300.jpg 205w, https:\/\/auteur-ecrivain.marhic.fr\/wp-content\/uploads\/2019\/01\/microbe_27.jpg 598w\" sizes=\"auto, (max-width: 205px) 100vw, 205px\" \/><\/a><strong><a href=\"http:\/\/auteur-ecrivain.marhic.fr\/wp-content\/uploads\/2019\/01\/les_podopsychologues-extrait.pdf\" target=\"_blank\" rel=\"noopener\">Les podopsychologues<\/a><\/strong><\/p>\n<p><a href=\"http:\/\/www.marhic.fr\/\" target=\"_blank\" rel=\"noopener\"><img loading=\"lazy\" decoding=\"async\" class=\"alignnone wp-image-50\" src=\"http:\/\/auteur-ecrivain.marhic.fr\/wp-content\/uploads\/2019\/01\/marhic.fr_-1-265x300.jpg\" alt=\"Renaud Marhic, auteur-\u00e9crivain\" width=\"60\" height=\"68\" \/><\/a><\/p>\n<p style=\"text-align: justify;\"><span style=\"color: #000000;\">Et aussi\u2026<\/span><\/p>\n<p style=\"text-align: justify;\"><span style=\"color: #000000;\"><strong><em>\u00a0<\/em><\/strong><strong><em>Vieilles garces<\/em><\/strong>, <em>Microbe<\/em> n\u00b029, mai 2005.<\/span><\/p>\n<p style=\"text-align: justify;\"><span style=\"color: #000000;\"><strong><em>Les conjoints masochistes<\/em><\/strong>,<em> Microbe<\/em> n\u00b037, septembre 2006.<\/span><\/p>\n<p style=\"text-align: justify;\"><span style=\"color: #000000;\"><strong><em>Adulescents<\/em><\/strong>, <em>Microbe<\/em> n\u00b043, septembre 2007.<\/span><\/p>\n<p style=\"text-align: justify;\"><span style=\"color: #000000;\"><strong><em>Pleureuses \u00e0 dynamite<\/em><\/strong>, <em>Traction-Brabant<\/em> n\u00b024, juin 2008 \/ <em>Nouveaux D\u00e9lits<\/em> n\u00b032, avril 2009.<\/span><\/p>\n<p style=\"text-align: justify;\"><span style=\"color: #000000;\"><strong><em>Soir\u00e9e \u00e9tape<\/em><\/strong>, <em>Comme en Po\u00e9sie<\/em> n\u00b035, septembre 2008 \/ <em>Les H\u00e9sitations d\u2019une Mouche<\/em> n\u00b046, septembre 2008 \/ <em>Verso<\/em> n\u00b0139, d\u00e9cembre 2009.<\/span><\/p>\n<p style=\"text-align: justify;\"><span style=\"color: #000000;\"><strong><em>D\u00e9mocrates ambidextres<\/em><\/strong>, <em>Nouveaux D\u00e9lits<\/em> n\u00b032, avril 2009 \/ <em>Les H\u00e9sitations d\u2019une Mouche<\/em> n\u00b049, juin 2009 \/ <em>Verso<\/em> n\u00b0139, d\u00e9cembre 2009.<\/span><\/p>\n<p style=\"text-align: justify;\"><span style=\"color: #000000;\"><strong><em>LIDL class heroes<\/em><\/strong>, <em>Nouveaux D\u00e9lits<\/em> n\u00b032, avril 2009.<\/span><\/p>\n<p><em><strong>Flasheur.2<\/strong><\/em>, <em>Buck You<\/em>,\u00a0Gros Textes, 2013.<\/p>\n<p><em><strong>Pact\u00e9<\/strong><\/em>, <em>Buck You<\/em>, Gros Textes, 2013.<\/p>\n<p><em><strong>Gobeurs d&rsquo;\u00e9poque<\/strong><\/em>, <em>Buck You<\/em>, Gros Textes, 2013.<\/p>\n<p><em><strong>Serial Gimmicks<\/strong><\/em>, <em>Buck You<\/em>, Gros Textes, 2013.<\/p>\n<p><em><strong>Femme d&rsquo;affaires<\/strong><\/em>, <em>Buck You<\/em>, Gros Textes, 2013.<\/p>\n<p><em><strong>Les Meilleurs-mondistes<\/strong><\/em>, <em>Buck You<\/em>, Gros Textes, 2013.<\/p>\n<p>&nbsp;<\/p>\n","protected":false},"excerpt":{"rendered":"<p>Les Humoristes Pleureuses \u00e0 dynamite Lidl class heroes Soir\u00e9e \u00e9tape D\u00e9mocrates ambidextres Pater mi-temps Les podopsychologues Et aussi\u2026 \u00a0Vieilles garces, Microbe n\u00b029, mai 2005. Les conjoints masochistes, Microbe n\u00b037, septembre 2006. Adulescents, Microbe n\u00b043, septembre 2007. Pleureuses \u00e0 dynamite, Traction-Brabant &hellip; <a href=\"https:\/\/auteur-ecrivain.marhic.fr\/index.php\/poesie\/\">Continuer la lecture <span class=\"meta-nav\">&rarr;<\/span><\/a><\/p>\n","protected":false},"author":1,"featured_media":0,"parent":0,"menu_order":0,"comment_status":"closed","ping_status":"closed","template":"","meta":{"footnotes":""},"class_list":["post-21","page","type-page","status-publish","hentry"],"_links":{"self":[{"href":"https:\/\/auteur-ecrivain.marhic.fr\/index.php\/wp-json\/wp\/v2\/pages\/21","targetHints":{"allow":["GET"]}}],"collection":[{"href":"https:\/\/auteur-ecrivain.marhic.fr\/index.php\/wp-json\/wp\/v2\/pages"}],"about":[{"href":"https:\/\/auteur-ecrivain.marhic.fr\/index.php\/wp-json\/wp\/v2\/types\/page"}],"author":[{"embeddable":true,"href":"https:\/\/auteur-ecrivain.marhic.fr\/index.php\/wp-json\/wp\/v2\/users\/1"}],"replies":[{"embeddable":true,"href":"https:\/\/auteur-ecrivain.marhic.fr\/index.php\/wp-json\/wp\/v2\/comments?post=21"}],"version-history":[{"count":24,"href":"https:\/\/auteur-ecrivain.marhic.fr\/index.php\/wp-json\/wp\/v2\/pages\/21\/revisions"}],"predecessor-version":[{"id":774,"href":"https:\/\/auteur-ecrivain.marhic.fr\/index.php\/wp-json\/wp\/v2\/pages\/21\/revisions\/774"}],"wp:attachment":[{"href":"https:\/\/auteur-ecrivain.marhic.fr\/index.php\/wp-json\/wp\/v2\/media?parent=21"}],"curies":[{"name":"wp","href":"https:\/\/api.w.org\/{rel}","templated":true}]}}