{"id":666,"date":"2019-02-11T16:29:51","date_gmt":"2019-02-11T15:29:51","guid":{"rendered":"http:\/\/auteur-ecrivain.marhic.fr\/?page_id=666"},"modified":"2019-02-12T14:16:03","modified_gmt":"2019-02-12T13:16:03","slug":"animations","status":"publish","type":"page","link":"https:\/\/auteur-ecrivain.marhic.fr\/index.php\/animations\/","title":{"rendered":"Animations"},"content":{"rendered":"<p style=\"text-align: justify;\"><a href=\"http:\/\/auteur-ecrivain.marhic.fr\/wp-content\/uploads\/2019\/02\/Les-Lutins-Urbains-Vous-avez-dit-Lutin.pdf\" target=\"_blank\" rel=\"noopener\"><img loading=\"lazy\" decoding=\"async\" class=\"aligncenter wp-image-675 size-large\" src=\"http:\/\/auteur-ecrivain.marhic.fr\/wp-content\/uploads\/2019\/02\/animation_sccolaire_renaud_marhic-657x1024.jpg\" alt=\"Animations scolaires Renaud Marhic\" width=\"640\" height=\"998\" srcset=\"https:\/\/auteur-ecrivain.marhic.fr\/wp-content\/uploads\/2019\/02\/animation_sccolaire_renaud_marhic-657x1024.jpg 657w, https:\/\/auteur-ecrivain.marhic.fr\/wp-content\/uploads\/2019\/02\/animation_sccolaire_renaud_marhic-192x300.jpg 192w, https:\/\/auteur-ecrivain.marhic.fr\/wp-content\/uploads\/2019\/02\/animation_sccolaire_renaud_marhic-768x1197.jpg 768w, https:\/\/auteur-ecrivain.marhic.fr\/wp-content\/uploads\/2019\/02\/animation_sccolaire_renaud_marhic.jpg 1879w\" sizes=\"auto, (max-width: 640px) 100vw, 640px\" \/><\/a>Cliquez l\u2019image pour consulter ou t\u00e9l\u00e9charger le fichier de \u201cVous avez dit Lutins\u00a0?\u201d, animation de Renaud Marhic, auteur-\u00e9crivain, \u00e0 destination des milieux scolaires, p\u00e9riscolaires, m\u00e9diath\u00e8ques, etc.<\/p>\n<p>Pour toute demande (devis, etc.), cliquez <a href=\"http:\/\/auteur-ecrivain.marhic.fr\/index.php\/contact\/\" target=\"_blank\" rel=\"noopener\">ici<\/a>.<\/p>\n<p>&nbsp;<\/p>\n","protected":false},"excerpt":{"rendered":"<p>Cliquez l\u2019image pour consulter ou t\u00e9l\u00e9charger le fichier de \u201cVous avez dit Lutins\u00a0?\u201d, animation de Renaud Marhic, auteur-\u00e9crivain, \u00e0 destination des milieux scolaires, p\u00e9riscolaires, m\u00e9diath\u00e8ques, etc. Pour toute demande (devis, etc.), cliquez ici. &nbsp;<\/p>\n","protected":false},"author":1,"featured_media":0,"parent":0,"menu_order":0,"comment_status":"closed","ping_status":"closed","template":"","meta":{"footnotes":""},"class_list":["post-666","page","type-page","status-publish","hentry"],"_links":{"self":[{"href":"https:\/\/auteur-ecrivain.marhic.fr\/index.php\/wp-json\/wp\/v2\/pages\/666","targetHints":{"allow":["GET"]}}],"collection":[{"href":"https:\/\/auteur-ecrivain.marhic.fr\/index.php\/wp-json\/wp\/v2\/pages"}],"about":[{"href":"https:\/\/auteur-ecrivain.marhic.fr\/index.php\/wp-json\/wp\/v2\/types\/page"}],"author":[{"embeddable":true,"href":"https:\/\/auteur-ecrivain.marhic.fr\/index.php\/wp-json\/wp\/v2\/users\/1"}],"replies":[{"embeddable":true,"href":"https:\/\/auteur-ecrivain.marhic.fr\/index.php\/wp-json\/wp\/v2\/comments?post=666"}],"version-history":[{"count":6,"href":"https:\/\/auteur-ecrivain.marhic.fr\/index.php\/wp-json\/wp\/v2\/pages\/666\/revisions"}],"predecessor-version":[{"id":678,"href":"https:\/\/auteur-ecrivain.marhic.fr\/index.php\/wp-json\/wp\/v2\/pages\/666\/revisions\/678"}],"wp:attachment":[{"href":"https:\/\/auteur-ecrivain.marhic.fr\/index.php\/wp-json\/wp\/v2\/media?parent=666"}],"curies":[{"name":"wp","href":"https:\/\/api.w.org\/{rel}","templated":true}]}}