{"id":7,"date":"2019-01-05T13:07:21","date_gmt":"2019-01-05T12:07:21","guid":{"rendered":"http:\/\/auteur-ecrivain.marhic.fr\/?page_id=7"},"modified":"2023-12-29T12:41:05","modified_gmt":"2023-12-29T11:41:05","slug":"introview-alterview","status":"publish","type":"page","link":"https:\/\/auteur-ecrivain.marhic.fr\/index.php\/introview-alterview\/","title":{"rendered":"Introview"},"content":{"rendered":"<p><img loading=\"lazy\" decoding=\"async\" class=\"wp-image-55 size-full aligncenter\" src=\"http:\/\/auteur-ecrivain.marhic.fr\/wp-content\/uploads\/2019\/01\/Pile-sous-le-grain.jpg\" alt=\"\" width=\"348\" height=\"494\" srcset=\"https:\/\/auteur-ecrivain.marhic.fr\/wp-content\/uploads\/2019\/01\/Pile-sous-le-grain.jpg 348w, https:\/\/auteur-ecrivain.marhic.fr\/wp-content\/uploads\/2019\/01\/Pile-sous-le-grain-211x300.jpg 211w\" sizes=\"auto, (max-width: 348px) 100vw, 348px\" \/><\/p>\n<p style=\"text-align: justify;\"><strong>B<\/strong>rest, 1965. Ce sera trop tard pour Woodstock \u2013 tant pis pour l\u2019amour dans la boue. Un peu juste pour l\u2019\u00e9pingle \u00e0 nourrice dans la joue \u2013 pourtant seyant. 20 ans au c\u0153ur des \u201cann\u00e9es frics\u201d\u2026 Face au n\u00e9ant, je vis la t\u00eate en arri\u00e8re. <em>De facto<\/em>, fruit des amours contre nature du flower power et du punk. Un peu d\u00e9cal\u00e9, s\u00fbrement. La suite \u00e0 l\u2019avenant. (\u201cMe serais bien vu rock star. Ne sachant pas chanter, suis devenu journaliste.\u201d Longtemps, je raconterai \u00e7a. La d\u00e9rision pour toute pudeur.) Je lis Philippe Djian. \u00c9blouissement. Entr\u00e9e en litt\u00e9rature. La nuit, je r\u00e9dige mon premier roman, mes premi\u00e8res nouvelles. Jardinage et p\u2019tit secret. Surtout ne pas importuner un \u00e9diteur avec \u00e7a. R\u00e9flexion sur l\u2019\u00e9crit. (Elle durera quinze ans.) Le journalisme pour ersatz. Je rame \u00e0 la radio. Gal\u00e8re en petite presse. Free lance tendance investigation.<\/p>\n<p style=\"text-align: justify;\">1995\u00a0: affaire du Temple Solaire. D\u00e9j\u00e0 cinquante-trois morts. Dix-sept adeptes de plus prennent un aller-simple pour Sirius. Je viens de cibler la secte dans un livre-enqu\u00eate. Soulignant qu\u2019elle n\u2019a pas fini de nuire\u2026 Alors la cour des grands. M\u00e9dias nationaux. Je pige \u00e0 l\u2019\u00e9crit, \u00e0 l\u2019audiovisuel. Au passage, je signe sept essais. Et me fixe en des publications choisies\u00a0: <em>Charlie Hebdo<\/em>, <em>Le Vrai Papier Journal<\/em>\u2026 Fin du premier acte.<\/p>\n<p style=\"text-align: justify;\">Sp\u00e9cialiste des sujets qui f\u00e2chent, je me fais tant d\u2019amis\u2026 De la nature humaine go\u00fbtant plus qu\u2019\u00e0 mon tour l\u2019intriguant panorama. Il est un \u00e9diteur pour s\u2019en apercevoir. Et m\u2019interroger. Aurais-je l\u2019ambition de la fiction\u00a0? Cette fois, il n\u2019est plus temps de cultiver son jardin. \u00c7a s\u2019appellera <em>Hermines et id\u00e9es noires <\/em>(Terre de Brume, 2000). Roman noir politique. N\u00e9o-polar. Exp\u00e9rience du journaliste d\u2019investigation alimentant la plume de l\u2019\u00e9crivain. Enfin face \u00e0 moi-m\u00eame, r\u00e9aliser\u00a0: le deuxi\u00e8me acte a commenc\u00e9.<\/p>\n<p style=\"text-align: justify; padding-left: 40px;\">\u201c<em>Le monde s\u2019effritait selon des r\u00e8gles depuis longtemps d\u00e9couvertes. Et le journalisme, d\u00e9sormais, m\u2019emmerdait. Alors je menais double vie. Tirant la gueule \u00e0 l\u2019investigation le jour, bandant \u00e0 mort pour la litt\u00e9rature la nuit. En tant que gratte-papier, je d\u00e9sirais qu\u2019on me foute la paix. En tant qu\u2019\u00e9crivain, je voulais : que Tika soit ma muse \u2013 soit ne m\u2019amuse pas, mais qu\u2019elle soit l\u00e0, pr\u00e8s de moi ; que les Mickey 3D me rendent jaloux par la beaut\u00e9 de leurs textes \u2013 j\u2019ai toujours envi\u00e9 les musiciens ; que James Ellroy jure \u2013 la vie de sa m\u00e8re ! \u2013 revenir un de ces quatre au style incisif et glacial de <\/em>White Jazz<em>. Tout \u00e7a n\u2019\u00e9tait pas gagn\u00e9*.<\/em>\u201d<\/p>\n<p style=\"padding-left: 40px; text-align: right;\">*<em><a href=\"http:\/\/www.marhic.fr\/Page13b.htm\">James Ellroy, Mickey 3D, et une baise\u2026 le m\u00eame soir\u00a0!\u00a0<\/a><\/em><em>in<\/em> H\u00e9matomes Crochus<em> n\u00b012, avril 2002<\/em><\/p>\n<p style=\"text-align: justify;\">Rien n&rsquo;est perdu.<\/p>\n<p style=\"text-align: justify;\">Je suis \u00e9crivain.<\/p>\n<p style=\"text-align: right;\"><strong>Brest, janvier 2004<\/strong><\/p>\n","protected":false},"excerpt":{"rendered":"<p>Brest, 1965. Ce sera trop tard pour Woodstock \u2013 tant pis pour l\u2019amour dans la boue. Un peu juste pour l\u2019\u00e9pingle \u00e0 nourrice dans la joue \u2013 pourtant seyant. 20 ans au c\u0153ur des \u201cann\u00e9es frics\u201d\u2026 Face au n\u00e9ant, je &hellip; <a href=\"https:\/\/auteur-ecrivain.marhic.fr\/index.php\/introview-alterview\/\">Continuer la lecture <span class=\"meta-nav\">&rarr;<\/span><\/a><\/p>\n","protected":false},"author":1,"featured_media":0,"parent":0,"menu_order":0,"comment_status":"closed","ping_status":"closed","template":"","meta":{"footnotes":""},"class_list":["post-7","page","type-page","status-publish","hentry"],"_links":{"self":[{"href":"https:\/\/auteur-ecrivain.marhic.fr\/index.php\/wp-json\/wp\/v2\/pages\/7","targetHints":{"allow":["GET"]}}],"collection":[{"href":"https:\/\/auteur-ecrivain.marhic.fr\/index.php\/wp-json\/wp\/v2\/pages"}],"about":[{"href":"https:\/\/auteur-ecrivain.marhic.fr\/index.php\/wp-json\/wp\/v2\/types\/page"}],"author":[{"embeddable":true,"href":"https:\/\/auteur-ecrivain.marhic.fr\/index.php\/wp-json\/wp\/v2\/users\/1"}],"replies":[{"embeddable":true,"href":"https:\/\/auteur-ecrivain.marhic.fr\/index.php\/wp-json\/wp\/v2\/comments?post=7"}],"version-history":[{"count":10,"href":"https:\/\/auteur-ecrivain.marhic.fr\/index.php\/wp-json\/wp\/v2\/pages\/7\/revisions"}],"predecessor-version":[{"id":757,"href":"https:\/\/auteur-ecrivain.marhic.fr\/index.php\/wp-json\/wp\/v2\/pages\/7\/revisions\/757"}],"wp:attachment":[{"href":"https:\/\/auteur-ecrivain.marhic.fr\/index.php\/wp-json\/wp\/v2\/media?parent=7"}],"curies":[{"name":"wp","href":"https:\/\/api.w.org\/{rel}","templated":true}]}}